{"id":51,"date":"2023-12-29T22:57:43","date_gmt":"2023-12-29T22:57:43","guid":{"rendered":"https:\/\/gobiohacking.com\/?page_id=51"},"modified":"2023-12-29T23:04:23","modified_gmt":"2023-12-29T23:04:23","slug":"que-es-el-biohacking","status":"publish","type":"page","link":"https:\/\/gobiohacking.com\/index.php\/que-es-el-biohacking\/","title":{"rendered":"\u00bfQu\u00e9 es el BioHacking?"},"content":{"rendered":"\n<p>\u00bfEs la primera vez que te topas con este tema y quieres entender de qu\u00e9 trata este blog? Vamos a ver de manera r\u00e1pida qu\u00e9 es el BioHacking.<\/p>\n\n\n\n<p>De igual forma que el &#8220;Hacker&#8221; busca romper las barreras de la tecnolog\u00eda para poder controlar sistemas inform\u00e1ticos, el &#8220;BioHacker&#8221; busca romper las barreras biol\u00f3gicas para controlar su cuerpo.<\/p>\n\n\n\n<p>El concepto es sencillo, pero abre un mundo de posibilidades, para algunos, el BioHacking es una manera de entender su cuerpo y conseguir un estado saludable, mayor longevidad o mejor rendimiento deportivo.<\/p>\n\n\n\n<p>Para otros es integrar la tecnolog\u00eda del presente en nuestro cuerpo, desde relojes o wearables, hasta cosas m\u00e1s complejas como cuando a un paciente con problemas cardiacos se le coloca un marcapasos para asegurar su vida.<\/p>\n\n\n\n<p>En GoBioHacking buscamos recopilar informaci\u00f3n sobre este tema, en algunos momentos hablaremos de salud, de c\u00f3mo evitar alimentos o h\u00e1bitos t\u00f3xicos, otros de c\u00f3mo la tecnolog\u00eda puede hacerte un mejor humano, de personas que intentan alcanzar la inmortalidad, o incluso algunos temas tan locos, como los primeros &#8220;Cyborgs&#8221;.<\/p>\n\n\n\n<p>IMPORTANTE!<\/p>\n\n\n\n<p>Internet es el centro de la informaci\u00f3n, pero tambi\u00e9n de la desinformaci\u00f3n, el BioHacking es un tema nuevo que crea demasiada expectativa y no podemos dejar enga\u00f1arnos por informaci\u00f3n falsa.<\/p>\n\n\n\n<p>En GoBioHacking no damos recomendaciones sobre vuestra salud ni mucho menos incitamos a nadie a llevar al extremo ninguna pr\u00e1ctica de las que hablamos. Nos limitamos a ser un portal de noticias y recopilaci\u00f3n de datos, intentando dar la m\u00ednima interpretaci\u00f3n personal y dejando siempre las referencias a los art\u00edculos originales.<\/p>\n\n\n\n<p>Recuerda siempre, leer los comentarios y pasar por el foro para cualquier duda.<\/p>\n\n\n\n<p><a href=\"https:\/\/gobiohacking.com\/index.php\/2023\/12\/29\/introduccion-al-biohacking-descifrando-la-optimizacion-humana\/\" data-type=\"link\" data-id=\"https:\/\/gobiohacking.com\/index.php\/2023\/12\/29\/introduccion-al-biohacking-descifrando-la-optimizacion-humana\/\">Introducci\u00f3n al BioHacking<\/a><\/p>\n\n\n\n<p>Bienvenido\/a!<\/p>\n","protected":false},"excerpt":{"rendered":"<p>\u00bfEs la primera vez que te topas con este tema y quieres entender de qu\u00e9 trata este blog? Vamos a ver de manera r\u00e1pida qu\u00e9 es el BioHacking. De igual forma que el &#8220;Hacker&#8221; busca romper las barreras de la tecnolog\u00eda para poder controlar sistemas inform\u00e1ticos, el &#8220;BioHacker&#8221; busca romper las barreras biol\u00f3gicas para controlar [&hellip;]<\/p>\n","protected":false},"author":1,"featured_media":52,"parent":0,"menu_order":0,"comment_status":"closed","ping_status":"closed","template":"","meta":{"footnotes":""},"class_list":["post-51","page","type-page","status-publish","has-post-thumbnail","hentry"],"yoast_head":"<!-- This site is optimized with the Yoast SEO plugin v21.8 - https:\/\/yoast.com\/wordpress\/plugins\/seo\/ -->\n<title>\u00bfQu\u00e9 es el BioHacking? - GoBioHacking<\/title>\n<meta name=\"robots\" content=\"index, follow, max-snippet:-1, max-image-preview:large, max-video-preview:-1\" \/>\n<link rel=\"canonical\" href=\"https:\/\/gobiohacking.com\/index.php\/que-es-el-biohacking\/\" \/>\n<meta property=\"og:locale\" content=\"en_US\" \/>\n<meta property=\"og:type\" content=\"article\" \/>\n<meta property=\"og:title\" content=\"\u00bfQu\u00e9 es el BioHacking? - GoBioHacking\" \/>\n<meta property=\"og:description\" content=\"\u00bfEs la primera vez que te topas con este tema y quieres entender de qu\u00e9 trata este blog? Vamos a ver de manera r\u00e1pida qu\u00e9 es el BioHacking. De igual forma que el &#8220;Hacker&#8221; busca romper las barreras de la tecnolog\u00eda para poder controlar sistemas inform\u00e1ticos, el &#8220;BioHacker&#8221; busca romper las barreras biol\u00f3gicas para controlar [&hellip;]\" \/>\n<meta property=\"og:url\" content=\"https:\/\/gobiohacking.com\/index.php\/que-es-el-biohacking\/\" \/>\n<meta property=\"og:site_name\" content=\"GoBioHacking\" \/>\n<meta property=\"article:modified_time\" content=\"2023-12-29T23:04:23+00:00\" \/>\n<meta property=\"og:image\" content=\"https:\/\/gobiohacking.com\/wp-content\/uploads\/2023\/12\/DALL\u00b7E-2023-12-29-23.57.11-An-image-representing-the-concept-of-BioHacking-with-a-futuristic-cybernetic-theme.-The-scene-includes-a-person-with-a-gender-neutral-appearance-s-1024x585.png\" \/>\n\t<meta property=\"og:image:width\" content=\"1024\" \/>\n\t<meta property=\"og:image:height\" content=\"585\" \/>\n\t<meta property=\"og:image:type\" content=\"image\/png\" \/>\n<meta name=\"twitter:card\" content=\"summary_large_image\" \/>\n<meta name=\"twitter:site\" content=\"@GoBioHacking\" \/>\n<meta name=\"twitter:label1\" content=\"Est. reading time\" \/>\n\t<meta name=\"twitter:data1\" content=\"1 minute\" \/>\n<script type=\"application\/ld+json\" class=\"yoast-schema-graph\">{\"@context\":\"https:\/\/schema.org\",\"@graph\":[{\"@type\":\"WebPage\",\"@id\":\"https:\/\/gobiohacking.com\/index.php\/que-es-el-biohacking\/\",\"url\":\"https:\/\/gobiohacking.com\/index.php\/que-es-el-biohacking\/\",\"name\":\"\u00bfQu\u00e9 es el BioHacking? - GoBioHacking\",\"isPartOf\":{\"@id\":\"https:\/\/gobiohacking.com\/#website\"},\"datePublished\":\"2023-12-29T22:57:43+00:00\",\"dateModified\":\"2023-12-29T23:04:23+00:00\",\"breadcrumb\":{\"@id\":\"https:\/\/gobiohacking.com\/index.php\/que-es-el-biohacking\/#breadcrumb\"},\"inLanguage\":\"en-US\",\"potentialAction\":[{\"@type\":\"ReadAction\",\"target\":[\"https:\/\/gobiohacking.com\/index.php\/que-es-el-biohacking\/\"]}]},{\"@type\":\"BreadcrumbList\",\"@id\":\"https:\/\/gobiohacking.com\/index.php\/que-es-el-biohacking\/#breadcrumb\",\"itemListElement\":[{\"@type\":\"ListItem\",\"position\":1,\"name\":\"Portada\",\"item\":\"https:\/\/gobiohacking.com\/\"},{\"@type\":\"ListItem\",\"position\":2,\"name\":\"\u00bfQu\u00e9 es el BioHacking?\"}]},{\"@type\":\"WebSite\",\"@id\":\"https:\/\/gobiohacking.com\/#website\",\"url\":\"https:\/\/gobiohacking.com\/\",\"name\":\"GoBioHacking\",\"description\":\"GoBioHacking\",\"publisher\":{\"@id\":\"https:\/\/gobiohacking.com\/#organization\"},\"potentialAction\":[{\"@type\":\"SearchAction\",\"target\":{\"@type\":\"EntryPoint\",\"urlTemplate\":\"https:\/\/gobiohacking.com\/?s={search_term_string}\"},\"query-input\":\"required name=search_term_string\"}],\"inLanguage\":\"en-US\"},{\"@type\":\"Organization\",\"@id\":\"https:\/\/gobiohacking.com\/#organization\",\"name\":\"GoBioHacking\",\"url\":\"https:\/\/gobiohacking.com\/\",\"logo\":{\"@type\":\"ImageObject\",\"inLanguage\":\"en-US\",\"@id\":\"https:\/\/gobiohacking.com\/#\/schema\/logo\/image\/\",\"url\":\"https:\/\/gobiohacking.com\/wp-content\/uploads\/2023\/12\/icons8-dna-64.png\",\"contentUrl\":\"https:\/\/gobiohacking.com\/wp-content\/uploads\/2023\/12\/icons8-dna-64.png\",\"width\":64,\"height\":64,\"caption\":\"GoBioHacking\"},\"image\":{\"@id\":\"https:\/\/gobiohacking.com\/#\/schema\/logo\/image\/\"},\"sameAs\":[\"https:\/\/twitter.com\/GoBioHacking\"]}]}<\/script>\n<!-- \/ Yoast SEO plugin. -->","yoast_head_json":{"title":"\u00bfQu\u00e9 es el BioHacking? - GoBioHacking","robots":{"index":"index","follow":"follow","max-snippet":"max-snippet:-1","max-image-preview":"max-image-preview:large","max-video-preview":"max-video-preview:-1"},"canonical":"https:\/\/gobiohacking.com\/index.php\/que-es-el-biohacking\/","og_locale":"en_US","og_type":"article","og_title":"\u00bfQu\u00e9 es el BioHacking? - GoBioHacking","og_description":"\u00bfEs la primera vez que te topas con este tema y quieres entender de qu\u00e9 trata este blog? Vamos a ver de manera r\u00e1pida qu\u00e9 es el BioHacking. De igual forma que el &#8220;Hacker&#8221; busca romper las barreras de la tecnolog\u00eda para poder controlar sistemas inform\u00e1ticos, el &#8220;BioHacker&#8221; busca romper las barreras biol\u00f3gicas para controlar [&hellip;]","og_url":"https:\/\/gobiohacking.com\/index.php\/que-es-el-biohacking\/","og_site_name":"GoBioHacking","article_modified_time":"2023-12-29T23:04:23+00:00","og_image":[{"width":1024,"height":585,"url":"https:\/\/gobiohacking.com\/wp-content\/uploads\/2023\/12\/DALL\u00b7E-2023-12-29-23.57.11-An-image-representing-the-concept-of-BioHacking-with-a-futuristic-cybernetic-theme.-The-scene-includes-a-person-with-a-gender-neutral-appearance-s-1024x585.png","type":"image\/png"}],"twitter_card":"summary_large_image","twitter_site":"@GoBioHacking","twitter_misc":{"Est. reading time":"1 minute"},"schema":{"@context":"https:\/\/schema.org","@graph":[{"@type":"WebPage","@id":"https:\/\/gobiohacking.com\/index.php\/que-es-el-biohacking\/","url":"https:\/\/gobiohacking.com\/index.php\/que-es-el-biohacking\/","name":"\u00bfQu\u00e9 es el BioHacking? - GoBioHacking","isPartOf":{"@id":"https:\/\/gobiohacking.com\/#website"},"datePublished":"2023-12-29T22:57:43+00:00","dateModified":"2023-12-29T23:04:23+00:00","breadcrumb":{"@id":"https:\/\/gobiohacking.com\/index.php\/que-es-el-biohacking\/#breadcrumb"},"inLanguage":"en-US","potentialAction":[{"@type":"ReadAction","target":["https:\/\/gobiohacking.com\/index.php\/que-es-el-biohacking\/"]}]},{"@type":"BreadcrumbList","@id":"https:\/\/gobiohacking.com\/index.php\/que-es-el-biohacking\/#breadcrumb","itemListElement":[{"@type":"ListItem","position":1,"name":"Portada","item":"https:\/\/gobiohacking.com\/"},{"@type":"ListItem","position":2,"name":"\u00bfQu\u00e9 es el BioHacking?"}]},{"@type":"WebSite","@id":"https:\/\/gobiohacking.com\/#website","url":"https:\/\/gobiohacking.com\/","name":"GoBioHacking","description":"GoBioHacking","publisher":{"@id":"https:\/\/gobiohacking.com\/#organization"},"potentialAction":[{"@type":"SearchAction","target":{"@type":"EntryPoint","urlTemplate":"https:\/\/gobiohacking.com\/?s={search_term_string}"},"query-input":"required name=search_term_string"}],"inLanguage":"en-US"},{"@type":"Organization","@id":"https:\/\/gobiohacking.com\/#organization","name":"GoBioHacking","url":"https:\/\/gobiohacking.com\/","logo":{"@type":"ImageObject","inLanguage":"en-US","@id":"https:\/\/gobiohacking.com\/#\/schema\/logo\/image\/","url":"https:\/\/gobiohacking.com\/wp-content\/uploads\/2023\/12\/icons8-dna-64.png","contentUrl":"https:\/\/gobiohacking.com\/wp-content\/uploads\/2023\/12\/icons8-dna-64.png","width":64,"height":64,"caption":"GoBioHacking"},"image":{"@id":"https:\/\/gobiohacking.com\/#\/schema\/logo\/image\/"},"sameAs":["https:\/\/twitter.com\/GoBioHacking"]}]}},"_links":{"self":[{"href":"https:\/\/gobiohacking.com\/index.php\/wp-json\/wp\/v2\/pages\/51","targetHints":{"allow":["GET"]}}],"collection":[{"href":"https:\/\/gobiohacking.com\/index.php\/wp-json\/wp\/v2\/pages"}],"about":[{"href":"https:\/\/gobiohacking.com\/index.php\/wp-json\/wp\/v2\/types\/page"}],"author":[{"embeddable":true,"href":"https:\/\/gobiohacking.com\/index.php\/wp-json\/wp\/v2\/users\/1"}],"replies":[{"embeddable":true,"href":"https:\/\/gobiohacking.com\/index.php\/wp-json\/wp\/v2\/comments?post=51"}],"version-history":[{"count":2,"href":"https:\/\/gobiohacking.com\/index.php\/wp-json\/wp\/v2\/pages\/51\/revisions"}],"predecessor-version":[{"id":57,"href":"https:\/\/gobiohacking.com\/index.php\/wp-json\/wp\/v2\/pages\/51\/revisions\/57"}],"wp:featuredmedia":[{"embeddable":true,"href":"https:\/\/gobiohacking.com\/index.php\/wp-json\/wp\/v2\/media\/52"}],"wp:attachment":[{"href":"https:\/\/gobiohacking.com\/index.php\/wp-json\/wp\/v2\/media?parent=51"}],"curies":[{"name":"wp","href":"https:\/\/api.w.org\/{rel}","templated":true}]}}